{"id":1181,"date":"2024-04-29T07:57:56","date_gmt":"2024-04-29T06:57:56","guid":{"rendered":"https:\/\/lmml-cameroun.com\/?page_id=1181"},"modified":"2024-06-13T21:41:04","modified_gmt":"2024-06-13T20:41:04","slug":"nos-partenaires","status":"publish","type":"page","link":"https:\/\/lmml-cameroun.com\/fr\/nos-partenaires\/","title":{"rendered":"Nos Partenaires"},"content":{"rendered":"\t\t<div data-elementor-type=\"wp-page\" data-elementor-id=\"1181\" class=\"elementor elementor-1181\" data-elementor-post-type=\"page\">\n\t\t\t\t<div class=\"elementor-element elementor-element-7836915 e-flex e-con-boxed e-con e-parent\" data-id=\"7836915\" data-element_type=\"container\" data-e-type=\"container\" data-settings=\"{&quot;background_background&quot;:&quot;classic&quot;}\">\n\t\t\t\t\t<div class=\"e-con-inner\">\n\t\t<div class=\"elementor-element elementor-element-1954402 e-con-full e-flex e-con e-child\" data-id=\"1954402\" data-element_type=\"container\" data-e-type=\"container\">\n\t\t\t\t<\/div>\n\t\t\t\t\t<\/div>\n\t\t\t\t<\/div>\n\t\t<div class=\"elementor-element elementor-element-bf58b6b e-flex e-con-boxed e-con e-parent\" data-id=\"bf58b6b\" data-element_type=\"container\" data-e-type=\"container\" data-settings=\"{&quot;background_background&quot;:&quot;classic&quot;}\">\n\t\t\t\t\t<div class=\"e-con-inner\">\n\t\t<div class=\"elementor-element elementor-element-0599a77 e-con-full e-flex e-con e-child\" data-id=\"0599a77\" data-element_type=\"container\" data-e-type=\"container\">\n\t\t\t\t<div class=\"elementor-element elementor-element-e767e10 elementor-widget elementor-widget-heading\" data-id=\"e767e10\" data-element_type=\"widget\" data-e-type=\"widget\" data-widget_type=\"heading.default\">\n\t\t\t\t<div class=\"elementor-widget-container\">\n\t\t\t\t\t<h2 class=\"elementor-heading-title elementor-size-default\"><b>Nos Partenaires<\/b><\/h2>\t\t\t\t<\/div>\n\t\t\t\t<\/div>\n\t\t\t\t<\/div>\n\t\t\t\t\t<\/div>\n\t\t\t\t<\/div>\n\t\t<div class=\"elementor-element elementor-element-818dec1 e-flex e-con-boxed e-con e-parent\" data-id=\"818dec1\" data-element_type=\"container\" data-e-type=\"container\" data-settings=\"{&quot;background_background&quot;:&quot;classic&quot;}\">\n\t\t\t\t\t<div class=\"e-con-inner\">\n\t\t\t\t<div class=\"elementor-element elementor-element-b9e58f9 elementor-widget elementor-widget-heading\" data-id=\"b9e58f9\" data-element_type=\"widget\" data-e-type=\"widget\" data-widget_type=\"heading.default\">\n\t\t\t\t<div class=\"elementor-widget-container\">\n\t\t\t\t\t<h3 class=\"elementor-heading-title elementor-size-default\">BUREAU VERITAS<\/h3>\t\t\t\t<\/div>\n\t\t\t\t<\/div>\n\t\t<div class=\"elementor-element elementor-element-f0b449b e-grid e-con-boxed e-con e-child\" data-id=\"f0b449b\" data-element_type=\"container\" data-e-type=\"container\">\n\t\t\t\t\t<div class=\"e-con-inner\">\n\t\t\t\t<div class=\"elementor-element elementor-element-6a76f50 elementor-widget elementor-widget-image\" data-id=\"6a76f50\" data-element_type=\"widget\" data-e-type=\"widget\" data-widget_type=\"image.default\">\n\t\t\t\t<div class=\"elementor-widget-container\">\n\t\t\t\t\t\t\t\t\t\t\t\t\t\t\t<img fetchpriority=\"high\" decoding=\"async\" width=\"271\" height=\"186\" src=\"https:\/\/lmml-cameroun.com\/wp-content\/uploads\/2024\/04\/download.png\" class=\"attachment-large size-large wp-image-1156\" alt=\"\" srcset=\"https:\/\/lmml-cameroun.com\/wp-content\/uploads\/2024\/04\/download.png 271w, https:\/\/lmml-cameroun.com\/wp-content\/uploads\/2024\/04\/download-18x12.png 18w\" sizes=\"(max-width: 271px) 100vw, 271px\" \/>\t\t\t\t\t\t\t\t\t\t\t\t\t\t\t<\/div>\n\t\t\t\t<\/div>\n\t\t\t\t<div class=\"elementor-element elementor-element-890dc24 elementor-widget elementor-widget-text-editor\" data-id=\"890dc24\" data-element_type=\"widget\" data-e-type=\"widget\" data-widget_type=\"text-editor.default\">\n\t\t\t\t<div class=\"elementor-widget-container\">\n\t\t\t\t\t\t\t\t\t<ol><li>La classification<\/li><li>La certification<\/li><li>Le conseil<\/li><li>Les inspections et audits<\/li><li>La formation<\/li><li>Les analyses<\/li><\/ol>\t\t\t\t\t\t\t\t<\/div>\n\t\t\t\t<\/div>\n\t\t\t\t\t<\/div>\n\t\t\t\t<\/div>\n\t\t\t\t\t<\/div>\n\t\t\t\t<\/div>\n\t\t<div class=\"elementor-element elementor-element-9efe784 e-flex e-con-boxed e-con e-parent\" data-id=\"9efe784\" data-element_type=\"container\" data-e-type=\"container\" data-settings=\"{&quot;background_background&quot;:&quot;classic&quot;}\">\n\t\t\t\t\t<div class=\"e-con-inner\">\n\t\t\t\t<div class=\"elementor-element elementor-element-396ea1b elementor-widget elementor-widget-heading\" data-id=\"396ea1b\" data-element_type=\"widget\" data-e-type=\"widget\" data-widget_type=\"heading.default\">\n\t\t\t\t<div class=\"elementor-widget-container\">\n\t\t\t\t\t<h3 class=\"elementor-heading-title elementor-size-default\">CROIX ROUGE<\/h3>\t\t\t\t<\/div>\n\t\t\t\t<\/div>\n\t\t<div class=\"elementor-element elementor-element-95f52f7 e-grid e-con-boxed e-con e-child\" data-id=\"95f52f7\" data-element_type=\"container\" data-e-type=\"container\">\n\t\t\t\t\t<div class=\"e-con-inner\">\n\t\t\t\t<div class=\"elementor-element elementor-element-f9566f2 elementor-widget elementor-widget-image\" data-id=\"f9566f2\" data-element_type=\"widget\" data-e-type=\"widget\" data-widget_type=\"image.default\">\n\t\t\t\t<div class=\"elementor-widget-container\">\n\t\t\t\t\t\t\t\t\t\t\t\t\t\t\t<img decoding=\"async\" width=\"192\" height=\"192\" src=\"https:\/\/lmml-cameroun.com\/wp-content\/uploads\/2024\/04\/download.jpeg\" class=\"attachment-large size-large wp-image-1149\" alt=\"\" srcset=\"https:\/\/lmml-cameroun.com\/wp-content\/uploads\/2024\/04\/download.jpeg 192w, https:\/\/lmml-cameroun.com\/wp-content\/uploads\/2024\/04\/download-150x150.jpeg 150w, https:\/\/lmml-cameroun.com\/wp-content\/uploads\/2024\/04\/download-12x12.jpeg 12w\" sizes=\"(max-width: 192px) 100vw, 192px\" \/>\t\t\t\t\t\t\t\t\t\t\t\t\t\t\t<\/div>\n\t\t\t\t<\/div>\n\t\t\t\t<div class=\"elementor-element elementor-element-fcba3ef elementor-widget elementor-widget-text-editor\" data-id=\"fcba3ef\" data-element_type=\"widget\" data-e-type=\"widget\" data-widget_type=\"text-editor.default\">\n\t\t\t\t<div class=\"elementor-widget-container\">\n\t\t\t\t\t\t\t\t\t<ol><li>Formation en premiers secours et en s\u00e9curit\u00e9.<\/li><li>\u00c9laboration de plans d&rsquo;intervention d&rsquo;urgence.<\/li><li>Sensibilisation \u00e0 la s\u00e9curit\u00e9 au travail.<\/li><li>Collaboration lors d&rsquo;op\u00e9rations sp\u00e9ciales.<\/li><li>Participation \u00e0 des programmes de responsabilit\u00e9 sociale des entreprises (RSE)<\/li><\/ol>\t\t\t\t\t\t\t\t<\/div>\n\t\t\t\t<\/div>\n\t\t\t\t\t<\/div>\n\t\t\t\t<\/div>\n\t\t\t\t\t<\/div>\n\t\t\t\t<\/div>\n\t\t<div class=\"elementor-element elementor-element-b582b4f e-flex e-con-boxed e-con e-parent\" data-id=\"b582b4f\" data-element_type=\"container\" data-e-type=\"container\" data-settings=\"{&quot;background_background&quot;:&quot;gradient&quot;}\">\n\t\t\t\t\t<div class=\"e-con-inner\">\n\t\t\t\t<div class=\"elementor-element elementor-element-ef00f9c elementor-widget elementor-widget-heading\" data-id=\"ef00f9c\" data-element_type=\"widget\" data-e-type=\"widget\" data-widget_type=\"heading.default\">\n\t\t\t\t<div class=\"elementor-widget-container\">\n\t\t\t\t\t<h4 class=\"elementor-heading-title elementor-size-default\">D'autres Partenaires<\/h4>\t\t\t\t<\/div>\n\t\t\t\t<\/div>\n\t\t<div class=\"elementor-element elementor-element-14d96c9 e-grid e-con-boxed e-con e-child\" data-id=\"14d96c9\" data-element_type=\"container\" data-e-type=\"container\">\n\t\t\t\t\t<div class=\"e-con-inner\">\n\t\t\t\t<div class=\"elementor-element elementor-element-07a5665 elementor-widget elementor-widget-image\" data-id=\"07a5665\" data-element_type=\"widget\" data-e-type=\"widget\" data-widget_type=\"image.default\">\n\t\t\t\t<div class=\"elementor-widget-container\">\n\t\t\t\t\t\t\t\t\t\t\t\t\t\t\t<img decoding=\"async\" width=\"176\" height=\"176\" src=\"https:\/\/lmml-cameroun.com\/wp-content\/uploads\/2024\/04\/download-3.png\" class=\"attachment-large size-large wp-image-1162\" alt=\"\" srcset=\"https:\/\/lmml-cameroun.com\/wp-content\/uploads\/2024\/04\/download-3.png 176w, https:\/\/lmml-cameroun.com\/wp-content\/uploads\/2024\/04\/download-3-150x150.png 150w, https:\/\/lmml-cameroun.com\/wp-content\/uploads\/2024\/04\/download-3-12x12.png 12w\" sizes=\"(max-width: 176px) 100vw, 176px\" \/>\t\t\t\t\t\t\t\t\t\t\t\t\t\t\t<\/div>\n\t\t\t\t<\/div>\n\t\t\t\t<div class=\"elementor-element elementor-element-4f38c89 elementor-widget elementor-widget-image\" data-id=\"4f38c89\" data-element_type=\"widget\" data-e-type=\"widget\" data-widget_type=\"image.default\">\n\t\t\t\t<div class=\"elementor-widget-container\">\n\t\t\t\t\t\t\t\t\t\t\t\t\t\t\t<img loading=\"lazy\" decoding=\"async\" width=\"310\" height=\"163\" src=\"https:\/\/lmml-cameroun.com\/wp-content\/uploads\/2024\/04\/download-2.png\" class=\"attachment-large size-large wp-image-1161\" alt=\"\" srcset=\"https:\/\/lmml-cameroun.com\/wp-content\/uploads\/2024\/04\/download-2.png 310w, https:\/\/lmml-cameroun.com\/wp-content\/uploads\/2024\/04\/download-2-300x158.png 300w, https:\/\/lmml-cameroun.com\/wp-content\/uploads\/2024\/04\/download-2-18x9.png 18w\" sizes=\"(max-width: 310px) 100vw, 310px\" \/>\t\t\t\t\t\t\t\t\t\t\t\t\t\t\t<\/div>\n\t\t\t\t<\/div>\n\t\t\t\t\t<\/div>\n\t\t\t\t<\/div>\n\t\t\t\t<div class=\"elementor-element elementor-element-63f49ef elementor-widget elementor-widget-text-editor\" data-id=\"63f49ef\" data-element_type=\"widget\" data-e-type=\"widget\" data-widget_type=\"text-editor.default\">\n\t\t\t\t<div class=\"elementor-widget-container\">\n\t\t\t\t\t\t\t\t\t<p>Ils interviennent dans les secteurs suivants:<\/p><p>\u00a0<\/p>\t\t\t\t\t\t\t\t<\/div>\n\t\t\t\t<\/div>\n\t\t\t\t<div class=\"elementor-element elementor-element-218ed2d elementor-widget elementor-widget-text-editor\" data-id=\"218ed2d\" data-element_type=\"widget\" data-e-type=\"widget\" data-widget_type=\"text-editor.default\">\n\t\t\t\t<div class=\"elementor-widget-container\">\n\t\t\t\t\t\t\t\t\t<ol><li>S\u00e9curit\u00e9 incendie\u00a0<\/li><li>S\u00e9curit\u00e9 \u00e9chaffaudage<\/li><li>Sant\u00e9, s\u00e9curit\u00e9 et environnement au travail\u00a0<\/li><li>Conduite en s\u00e9curit\u00e9 des grues<\/li><li>S\u00e9courisme<\/li><li>Certification : CABLES, NACELLES,SANGLES<\/li><\/ol>\t\t\t\t\t\t\t\t<\/div>\n\t\t\t\t<\/div>\n\t\t\t\t\t<\/div>\n\t\t\t\t<\/div>\n\t\t\t\t<\/div>\n\t\t\n    <div class=\"xs_social_share_widget xs_share_url after_content \t\tmain_content  wslu-style-1 wslu-share-box-shaped wslu-fill-colored wslu-none wslu-share-horizontal wslu-theme-font-no wslu-main_content\">\n\n\t\t\n        <ul>\n\t\t\t        <\/ul>\n    <\/div> \n","protected":false},"excerpt":{"rendered":"<p>Nos Partenaires BUREAU VERITAS La classification La certification Le conseil Les inspections et audits La formation Les analyses CROIX ROUGE Formation en premiers secours et en s\u00e9curit\u00e9. \u00c9laboration de plans d&rsquo;intervention d&rsquo;urgence. Sensibilisation \u00e0 la s\u00e9curit\u00e9 au travail. Collaboration lors d&rsquo;op\u00e9rations sp\u00e9ciales. Participation \u00e0 des programmes de responsabilit\u00e9 sociale des entreprises (RSE) D&rsquo;autres Partenaires Ils [&hellip;]<\/p>\n","protected":false},"author":1,"featured_media":0,"parent":0,"menu_order":0,"comment_status":"closed","ping_status":"open","template":"","meta":{"om_disable_all_campaigns":false,"_monsterinsights_skip_tracking":false,"_monsterinsights_sitenote_active":false,"_monsterinsights_sitenote_note":"","_monsterinsights_sitenote_category":0,"postBodyCss":"","postBodyMargin":[],"postBodyPadding":[],"postBodyBackground":{"backgroundType":"classic","gradient":""},"site-sidebar-layout":"no-sidebar","site-content-layout":"page-builder","ast-site-content-layout":"full-width-container","site-content-style":"default","site-sidebar-style":"default","ast-global-header-display":"","ast-banner-title-visibility":"","ast-main-header-display":"","ast-hfb-above-header-display":"","ast-hfb-below-header-display":"","ast-hfb-mobile-header-display":"","site-post-title":"disabled","ast-breadcrumbs-content":"","ast-featured-img":"disabled","footer-sml-layout":"","ast-disable-related-posts":"","theme-transparent-header-meta":"","adv-header-id-meta":"","stick-header-meta":"","header-above-stick-meta":"","header-main-stick-meta":"","header-below-stick-meta":"","astra-migrate-meta-layouts":"set","ast-page-background-enabled":"default","ast-page-background-meta":{"desktop":{"background-color":"var(--ast-global-color-5)","background-image":"","background-repeat":"repeat","background-position":"center center","background-size":"auto","background-attachment":"scroll","background-type":"","background-media":"","overlay-type":"","overlay-color":"","overlay-opacity":"","overlay-gradient":""},"tablet":{"background-color":"","background-image":"","background-repeat":"repeat","background-position":"center center","background-size":"auto","background-attachment":"scroll","background-type":"","background-media":"","overlay-type":"","overlay-color":"","overlay-opacity":"","overlay-gradient":""},"mobile":{"background-color":"","background-image":"","background-repeat":"repeat","background-position":"center center","background-size":"auto","background-attachment":"scroll","background-type":"","background-media":"","overlay-type":"","overlay-color":"","overlay-opacity":"","overlay-gradient":""}},"ast-content-background-meta":{"desktop":{"background-color":"var(--ast-global-color-4)","background-image":"","background-repeat":"repeat","background-position":"center center","background-size":"auto","background-attachment":"scroll","background-type":"","background-media":"","overlay-type":"","overlay-color":"","overlay-opacity":"","overlay-gradient":""},"tablet":{"background-color":"var(--ast-global-color-4)","background-image":"","background-repeat":"repeat","background-position":"center center","background-size":"auto","background-attachment":"scroll","background-type":"","background-media":"","overlay-type":"","overlay-color":"","overlay-opacity":"","overlay-gradient":""},"mobile":{"background-color":"var(--ast-global-color-4)","background-image":"","background-repeat":"repeat","background-position":"center center","background-size":"auto","background-attachment":"scroll","background-type":"","background-media":"","overlay-type":"","overlay-color":"","overlay-opacity":"","overlay-gradient":""}},"footnotes":""},"class_list":["post-1181","page","type-page","status-publish","hentry"],"aioseo_notices":[],"_links":{"self":[{"href":"https:\/\/lmml-cameroun.com\/fr\/wp-json\/wp\/v2\/pages\/1181","targetHints":{"allow":["GET"]}}],"collection":[{"href":"https:\/\/lmml-cameroun.com\/fr\/wp-json\/wp\/v2\/pages"}],"about":[{"href":"https:\/\/lmml-cameroun.com\/fr\/wp-json\/wp\/v2\/types\/page"}],"author":[{"embeddable":true,"href":"https:\/\/lmml-cameroun.com\/fr\/wp-json\/wp\/v2\/users\/1"}],"replies":[{"embeddable":true,"href":"https:\/\/lmml-cameroun.com\/fr\/wp-json\/wp\/v2\/comments?post=1181"}],"version-history":[{"count":0,"href":"https:\/\/lmml-cameroun.com\/fr\/wp-json\/wp\/v2\/pages\/1181\/revisions"}],"wp:attachment":[{"href":"https:\/\/lmml-cameroun.com\/fr\/wp-json\/wp\/v2\/media?parent=1181"}],"curies":[{"name":"wp","href":"https:\/\/api.w.org\/{rel}","templated":true}]}}