{"id":11,"date":"2021-11-04T10:21:32","date_gmt":"2021-11-04T10:21:32","guid":{"rendered":"https:\/\/lmml-cameroun.com\/services\/"},"modified":"2024-06-13T21:36:59","modified_gmt":"2024-06-13T20:36:59","slug":"services","status":"publish","type":"page","link":"https:\/\/lmml-cameroun.com\/fr\/services\/","title":{"rendered":"Nos Services"},"content":{"rendered":"\t\t<div data-elementor-type=\"wp-page\" data-elementor-id=\"11\" class=\"elementor elementor-11\">\n\t\t\t\t<div class=\"elementor-element elementor-element-122e55f e-flex e-con-boxed e-con e-parent\" data-id=\"122e55f\" data-element_type=\"container\" data-e-type=\"container\" data-settings=\"{&quot;background_background&quot;:&quot;classic&quot;}\">\n\t\t\t\t\t<div class=\"e-con-inner\">\n\t\t<div class=\"elementor-element elementor-element-d4f38d4 e-con-full e-flex e-con e-child\" data-id=\"d4f38d4\" data-element_type=\"container\" data-e-type=\"container\">\n\t\t\t\t<\/div>\n\t\t\t\t\t<\/div>\n\t\t\t\t<\/div>\n\t\t<div class=\"elementor-element elementor-element-5042c3a e-flex e-con-boxed e-con e-parent\" data-id=\"5042c3a\" data-element_type=\"container\" data-e-type=\"container\" data-settings=\"{&quot;background_background&quot;:&quot;classic&quot;}\">\n\t\t\t\t\t<div class=\"e-con-inner\">\n\t\t<div class=\"elementor-element elementor-element-eeba45c e-con-full e-flex e-con e-child\" data-id=\"eeba45c\" data-element_type=\"container\" data-e-type=\"container\">\n\t\t<div class=\"elementor-element elementor-element-76f51b9 e-con-full e-flex e-con e-child\" data-id=\"76f51b9\" data-element_type=\"container\" data-e-type=\"container\">\n\t\t<div class=\"elementor-element elementor-element-152a051 e-con-full e-flex e-con e-child\" data-id=\"152a051\" data-element_type=\"container\" data-e-type=\"container\">\n\t\t\t\t<div class=\"elementor-element elementor-element-627be20 elementor-widget elementor-widget-heading\" data-id=\"627be20\" data-element_type=\"widget\" data-e-type=\"widget\" data-widget_type=\"heading.default\">\n\t\t\t\t<div class=\"elementor-widget-container\">\n\t\t\t\t\t<h2 class=\"elementor-heading-title elementor-size-default\">Nos Services<\/h2>\t\t\t\t<\/div>\n\t\t\t\t<\/div>\n\t\t\t\t<div class=\"elementor-element elementor-element-77113b0 elementor-widget elementor-widget-text-editor\" data-id=\"77113b0\" data-element_type=\"widget\" data-e-type=\"widget\" data-widget_type=\"text-editor.default\">\n\t\t\t\t<div class=\"elementor-widget-container\">\n\t\t\t\t\t\t\t\t\t<p><strong>Nous op\u00e9rons dans les domaines suivants:<\/strong><\/p>\t\t\t\t\t\t\t\t<\/div>\n\t\t\t\t<\/div>\n\t\t<div class=\"elementor-element elementor-element-662c2f7 e-grid e-con-boxed e-con e-child\" data-id=\"662c2f7\" data-element_type=\"container\" data-e-type=\"container\">\n\t\t\t\t\t<div class=\"e-con-inner\">\n\t\t\t\t<div class=\"elementor-element elementor-element-29586dc elementor-position-top elementor-widget elementor-widget-image-box\" data-id=\"29586dc\" data-element_type=\"widget\" data-e-type=\"widget\" data-widget_type=\"image-box.default\">\n\t\t\t\t<div class=\"elementor-widget-container\">\n\t\t\t\t\t<div class=\"elementor-image-box-wrapper\"><figure class=\"elementor-image-box-img\"><img fetchpriority=\"high\" decoding=\"async\" width=\"715\" height=\"536\" src=\"https:\/\/lmml-cameroun.com\/wp-content\/uploads\/2024\/05\/WhatsApp-Image-2024-05-02-at-8.35.31-AM.jpeg\" class=\"attachment-full size-full wp-image-1258\" alt=\"\" srcset=\"https:\/\/lmml-cameroun.com\/wp-content\/uploads\/2024\/05\/WhatsApp-Image-2024-05-02-at-8.35.31-AM.jpeg 715w, https:\/\/lmml-cameroun.com\/wp-content\/uploads\/2024\/05\/WhatsApp-Image-2024-05-02-at-8.35.31-AM-300x225.jpeg 300w, https:\/\/lmml-cameroun.com\/wp-content\/uploads\/2024\/05\/WhatsApp-Image-2024-05-02-at-8.35.31-AM-16x12.jpeg 16w\" sizes=\"(max-width: 715px) 100vw, 715px\" \/><\/figure><div class=\"elementor-image-box-content\"><h3 class=\"elementor-image-box-title\">Manutention<\/h3><\/div><\/div>\t\t\t\t<\/div>\n\t\t\t\t<\/div>\n\t\t\t\t<div class=\"elementor-element elementor-element-5cb1702 elementor-position-top elementor-widget elementor-widget-image-box\" data-id=\"5cb1702\" data-element_type=\"widget\" data-e-type=\"widget\" data-widget_type=\"image-box.default\">\n\t\t\t\t<div class=\"elementor-widget-container\">\n\t\t\t\t\t<div class=\"elementor-image-box-wrapper\"><figure class=\"elementor-image-box-img\"><img decoding=\"async\" width=\"715\" height=\"536\" src=\"https:\/\/lmml-cameroun.com\/wp-content\/uploads\/2024\/05\/WhatsApp-Image-2024-05-02-at-8.35.27-AM.jpeg\" class=\"attachment-full size-full wp-image-1248\" alt=\"\" srcset=\"https:\/\/lmml-cameroun.com\/wp-content\/uploads\/2024\/05\/WhatsApp-Image-2024-05-02-at-8.35.27-AM.jpeg 715w, https:\/\/lmml-cameroun.com\/wp-content\/uploads\/2024\/05\/WhatsApp-Image-2024-05-02-at-8.35.27-AM-300x225.jpeg 300w, https:\/\/lmml-cameroun.com\/wp-content\/uploads\/2024\/05\/WhatsApp-Image-2024-05-02-at-8.35.27-AM-16x12.jpeg 16w\" sizes=\"(max-width: 715px) 100vw, 715px\" \/><\/figure><div class=\"elementor-image-box-content\"><h3 class=\"elementor-image-box-title\">Procedure de levage<\/h3><\/div><\/div>\t\t\t\t<\/div>\n\t\t\t\t<\/div>\n\t\t\t\t<div class=\"elementor-element elementor-element-cfc70d7 elementor-position-top elementor-widget elementor-widget-image-box\" data-id=\"cfc70d7\" data-element_type=\"widget\" data-e-type=\"widget\" data-widget_type=\"image-box.default\">\n\t\t\t\t<div class=\"elementor-widget-container\">\n\t\t\t\t\t<div class=\"elementor-image-box-wrapper\"><figure class=\"elementor-image-box-img\"><img decoding=\"async\" width=\"715\" height=\"536\" src=\"https:\/\/lmml-cameroun.com\/wp-content\/uploads\/2024\/05\/WhatsApp-Image-2024-05-02-at-8.35.25-AM-2.jpeg\" class=\"attachment-full size-full wp-image-1243\" alt=\"\" srcset=\"https:\/\/lmml-cameroun.com\/wp-content\/uploads\/2024\/05\/WhatsApp-Image-2024-05-02-at-8.35.25-AM-2.jpeg 715w, https:\/\/lmml-cameroun.com\/wp-content\/uploads\/2024\/05\/WhatsApp-Image-2024-05-02-at-8.35.25-AM-2-300x225.jpeg 300w, https:\/\/lmml-cameroun.com\/wp-content\/uploads\/2024\/05\/WhatsApp-Image-2024-05-02-at-8.35.25-AM-2-16x12.jpeg 16w\" sizes=\"(max-width: 715px) 100vw, 715px\" \/><\/figure><div class=\"elementor-image-box-content\"><h3 class=\"elementor-image-box-title\">Levage<\/h3><\/div><\/div>\t\t\t\t<\/div>\n\t\t\t\t<\/div>\n\t\t\t\t<div class=\"elementor-element elementor-element-e10bdce elementor-position-top elementor-widget elementor-widget-image-box\" data-id=\"e10bdce\" data-element_type=\"widget\" data-e-type=\"widget\" data-widget_type=\"image-box.default\">\n\t\t\t\t<div class=\"elementor-widget-container\">\n\t\t\t\t\t<div class=\"elementor-image-box-wrapper\"><figure class=\"elementor-image-box-img\"><img loading=\"lazy\" decoding=\"async\" width=\"715\" height=\"536\" src=\"https:\/\/lmml-cameroun.com\/wp-content\/uploads\/2024\/05\/WhatsApp-Image-2024-05-02-at-8.35.24-AM.jpeg\" class=\"attachment-full size-full wp-image-1241\" alt=\"\" srcset=\"https:\/\/lmml-cameroun.com\/wp-content\/uploads\/2024\/05\/WhatsApp-Image-2024-05-02-at-8.35.24-AM.jpeg 715w, https:\/\/lmml-cameroun.com\/wp-content\/uploads\/2024\/05\/WhatsApp-Image-2024-05-02-at-8.35.24-AM-300x225.jpeg 300w, https:\/\/lmml-cameroun.com\/wp-content\/uploads\/2024\/05\/WhatsApp-Image-2024-05-02-at-8.35.24-AM-16x12.jpeg 16w\" sizes=\"(max-width: 715px) 100vw, 715px\" \/><\/figure><div class=\"elementor-image-box-content\"><h3 class=\"elementor-image-box-title\">Transport<\/h3><\/div><\/div>\t\t\t\t<\/div>\n\t\t\t\t<\/div>\n\t\t\t\t\t<\/div>\n\t\t\t\t<\/div>\n\t\t\t\t<\/div>\n\t\t\t\t<\/div>\n\t\t\t\t<div class=\"elementor-element elementor-element-f04ac20 elementor-widget elementor-widget-text-editor\" data-id=\"f04ac20\" data-element_type=\"widget\" data-e-type=\"widget\" data-widget_type=\"text-editor.default\">\n\t\t\t\t<div class=\"elementor-widget-container\">\n\t\t\t\t\t\t\t\t\t<p>Il n&rsquo;exite pas un <b>levage <\/b>pareil \u00e0 un autre. La technique et l&rsquo;exp\u00e9rience acquises sont associ\u00e9es \u00e0 une touche de savoir faire sont des conditions indispensables pour offrir un service unique et de qualit\u00e9. Nous sommes toujours dans une perspective de croissance et nous voulons nous consolider\u00e0 travers l&rsquo;offre d&rsquo;un service de qualit\u00e9 et de choix innovants tourn\u00e9s vers le futur.<\/p>\t\t\t\t\t\t\t\t<\/div>\n\t\t\t\t<\/div>\n\t\t\t\t<div class=\"elementor-element elementor-element-1446da8 elementor-widget elementor-widget-heading\" data-id=\"1446da8\" data-element_type=\"widget\" data-e-type=\"widget\" data-widget_type=\"heading.default\">\n\t\t\t\t<div class=\"elementor-widget-container\">\n\t\t\t\t\t<h6 class=\"elementor-heading-title elementor-size-default\"><br>Notre Politique Qualit\u00e9 Hygi\u00e8ne S\u00e9curit\u00e9 Environnement ( QHSE )<\/h6>\t\t\t\t<\/div>\n\t\t\t\t<\/div>\n\t\t\t\t<div class=\"elementor-element elementor-element-6e9b0b4 elementor-widget elementor-widget-text-editor\" data-id=\"6e9b0b4\" data-element_type=\"widget\" data-e-type=\"widget\" data-widget_type=\"text-editor.default\">\n\t\t\t\t<div class=\"elementor-widget-container\">\n\t\t\t\t\t\t\t\t\t<p>La nature de nos activit\u00e9s exigeant un environnement sain et une attention particuli\u00e8re au travail,<b> L.M.M.L<\/b> organise:<\/p>\t\t\t\t\t\t\t\t<\/div>\n\t\t\t\t<\/div>\n\t\t\t\t<div class=\"elementor-element elementor-element-2bdee94 elementor-widget elementor-widget-text-editor\" data-id=\"2bdee94\" data-element_type=\"widget\" data-e-type=\"widget\" data-widget_type=\"text-editor.default\">\n\t\t\t\t<div class=\"elementor-widget-container\">\n\t\t\t\t\t\t\t\t\t<ul><li><span style=\"font-style: inherit; text-align: var(--text-align); background-color: var( --e-global-color-astglobalcolor5 ); color: var(--ast-global-color-3);\">Des stages de formation, de perfectionnement et de remise \u00e0 niveau de tout son personnel technique ;<\/span><\/li><li>Des stages de formation pour le travaiil en hauteur ;<\/li><li>Des stages de formation pour la conduite d\u00e9fensive ;<\/li><li>Des stages de secourisme ;<\/li><li>Des stages de permi\u00e8re intervention incendie<span style=\"font-style: inherit; text-align: var(--text-align); background-color: var( --e-global-color-astglobalcolor5 ); color: var(--ast-global-color-3);\">.<\/span><\/li><\/ul>\t\t\t\t\t\t\t\t<\/div>\n\t\t\t\t<\/div>\n\t\t\t\t<div class=\"elementor-element elementor-element-5693d91 elementor-widget elementor-widget-text-editor\" data-id=\"5693d91\" data-element_type=\"widget\" data-e-type=\"widget\" data-widget_type=\"text-editor.default\">\n\t\t\t\t<div class=\"elementor-widget-container\">\n\t\t\t\t\t\t\t\t\t<p>Par ailleurs, nous soumettons tous nos \u00e9quipements : <b>Grues, C\u00e2bles, Elingues, Chaines et Crochets <\/b>\u00e0 des contr\u00f4les technique de s\u00e9curit\u00e9 et de performance.<\/p>\t\t\t\t\t\t\t\t<\/div>\n\t\t\t\t<\/div>\n\t\t\t\t<\/div>\n\t\t\t\t\t<\/div>\n\t\t\t\t<\/div>\n\t\t<div class=\"elementor-element elementor-element-3f166c5 e-flex e-con-boxed e-con e-parent\" data-id=\"3f166c5\" data-element_type=\"container\" data-e-type=\"container\" data-settings=\"{&quot;background_background&quot;:&quot;classic&quot;}\">\n\t\t\t\t\t<div class=\"e-con-inner\">\n\t\t<div class=\"elementor-element elementor-element-c1c0aaa e-con-full e-flex e-con e-child\" data-id=\"c1c0aaa\" data-element_type=\"container\" data-e-type=\"container\">\n\t\t\t\t<div class=\"elementor-element elementor-element-aaa5375 elementor-widget elementor-widget-heading\" data-id=\"aaa5375\" data-element_type=\"widget\" data-e-type=\"widget\" data-widget_type=\"heading.default\">\n\t\t\t\t<div class=\"elementor-widget-container\">\n\t\t\t\t\t<h2 class=\"elementor-heading-title elementor-size-default\">Nos partenaires<\/h2>\t\t\t\t<\/div>\n\t\t\t\t<\/div>\n\t\t\t\t<div class=\"elementor-element elementor-element-b4483bb elementor-pagination-position-outside elementor-widget elementor-widget-image-carousel\" data-id=\"b4483bb\" data-element_type=\"widget\" data-e-type=\"widget\" data-settings=\"{&quot;slides_to_show&quot;:&quot;4&quot;,&quot;navigation&quot;:&quot;dots&quot;,&quot;slides_to_show_tablet&quot;:&quot;3&quot;,&quot;autoplay&quot;:&quot;yes&quot;,&quot;pause_on_hover&quot;:&quot;yes&quot;,&quot;pause_on_interaction&quot;:&quot;yes&quot;,&quot;autoplay_speed&quot;:5000,&quot;infinite&quot;:&quot;yes&quot;,&quot;speed&quot;:500}\" data-widget_type=\"image-carousel.default\">\n\t\t\t\t<div class=\"elementor-widget-container\">\n\t\t\t\t\t\t\t<div class=\"elementor-image-carousel-wrapper swiper\" role=\"region\" aria-roledescription=\"carousel\" aria-label=\"Carrousel d\u2019images\" dir=\"ltr\">\n\t\t\t<div class=\"elementor-image-carousel swiper-wrapper\" aria-live=\"off\">\n\t\t\t\t\t\t\t\t<div class=\"swiper-slide\" role=\"group\" aria-roledescription=\"slide\" aria-label=\"1 sur 4\"><figure class=\"swiper-slide-inner\"><img decoding=\"async\" class=\"swiper-slide-image\" src=\"https:\/\/lmml-cameroun.com\/wp-content\/uploads\/2024\/04\/download-150x150.jpeg\" alt=\"download\" \/><\/figure><\/div><div class=\"swiper-slide\" role=\"group\" aria-roledescription=\"slide\" aria-label=\"2 sur 4\"><figure class=\"swiper-slide-inner\"><img decoding=\"async\" class=\"swiper-slide-image\" src=\"https:\/\/lmml-cameroun.com\/wp-content\/uploads\/2024\/04\/download-150x150.png\" alt=\"download\" \/><\/figure><\/div><div class=\"swiper-slide\" role=\"group\" aria-roledescription=\"slide\" aria-label=\"3 sur 4\"><figure class=\"swiper-slide-inner\"><img decoding=\"async\" class=\"swiper-slide-image\" src=\"https:\/\/lmml-cameroun.com\/wp-content\/uploads\/2024\/04\/download-2-150x150.png\" alt=\"download (2)\" \/><\/figure><\/div><div class=\"swiper-slide\" role=\"group\" aria-roledescription=\"slide\" aria-label=\"4 sur 4\"><figure class=\"swiper-slide-inner\"><img decoding=\"async\" class=\"swiper-slide-image\" src=\"https:\/\/lmml-cameroun.com\/wp-content\/uploads\/2024\/04\/download-3-150x150.png\" alt=\"download (3)\" \/><\/figure><\/div>\t\t\t<\/div>\n\t\t\t\t\t\t\t\n\t\t\t\t\t\t\t\t\t<div class=\"swiper-pagination\"><\/div>\n\t\t\t\t\t\t\t\t\t<\/div>\n\t\t\t\t\t\t<\/div>\n\t\t\t\t<\/div>\n\t\t\t\t<\/div>\n\t\t\t\t\t<\/div>\n\t\t\t\t<\/div>\n\t\t\t\t<\/div>\n\t\t","protected":false},"excerpt":{"rendered":"<p>Nos Services Nous op\u00e9rons dans les domaines suivants: Manutention Procedure de levage Levage Transport Il n&rsquo;exite pas un levage pareil \u00e0 un autre. La technique et l&rsquo;exp\u00e9rience acquises sont associ\u00e9es \u00e0 une touche de savoir faire sont des conditions indispensables pour offrir un service unique et de qualit\u00e9. Nous sommes toujours dans une perspective de [&hellip;]<\/p>\n","protected":false},"author":1,"featured_media":0,"parent":0,"menu_order":0,"comment_status":"closed","ping_status":"closed","template":"","meta":{"om_disable_all_campaigns":false,"_monsterinsights_skip_tracking":false,"_monsterinsights_sitenote_active":false,"_monsterinsights_sitenote_note":"","_monsterinsights_sitenote_category":0,"site-sidebar-layout":"no-sidebar","site-content-layout":"page-builder","ast-site-content-layout":"full-width-container","site-content-style":"unboxed","site-sidebar-style":"unboxed","ast-global-header-display":"","ast-banner-title-visibility":"","ast-main-header-display":"","ast-hfb-above-header-display":"","ast-hfb-below-header-display":"","ast-hfb-mobile-header-display":"","site-post-title":"disabled","ast-breadcrumbs-content":"disabled","ast-featured-img":"disabled","footer-sml-layout":"","theme-transparent-header-meta":"enabled","adv-header-id-meta":"","stick-header-meta":"","header-above-stick-meta":"","header-main-stick-meta":"","header-below-stick-meta":"","astra-migrate-meta-layouts":"set","ast-page-background-enabled":"default","ast-page-background-meta":{"desktop":{"background-color":"var(--ast-global-color-4)","background-image":"","background-repeat":"repeat","background-position":"center center","background-size":"auto","background-attachment":"scroll","background-type":"","background-media":"","overlay-type":"","overlay-color":"","overlay-gradient":""},"tablet":{"background-color":"","background-image":"","background-repeat":"repeat","background-position":"center center","background-size":"auto","background-attachment":"scroll","background-type":"","background-media":"","overlay-type":"","overlay-color":"","overlay-gradient":""},"mobile":{"background-color":"","background-image":"","background-repeat":"repeat","background-position":"center center","background-size":"auto","background-attachment":"scroll","background-type":"","background-media":"","overlay-type":"","overlay-color":"","overlay-gradient":""}},"ast-content-background-meta":{"desktop":{"background-color":"var(--ast-global-color-5)","background-image":"","background-repeat":"repeat","background-position":"center center","background-size":"auto","background-attachment":"scroll","background-type":"","background-media":"","overlay-type":"","overlay-color":"","overlay-gradient":""},"tablet":{"background-color":"var(--ast-global-color-5)","background-image":"","background-repeat":"repeat","background-position":"center center","background-size":"auto","background-attachment":"scroll","background-type":"","background-media":"","overlay-type":"","overlay-color":"","overlay-gradient":""},"mobile":{"background-color":"var(--ast-global-color-5)","background-image":"","background-repeat":"repeat","background-position":"center center","background-size":"auto","background-attachment":"scroll","background-type":"","background-media":"","overlay-type":"","overlay-color":"","overlay-gradient":""}},"footnotes":""},"class_list":["post-11","page","type-page","status-publish","hentry"],"aioseo_notices":[],"_links":{"self":[{"href":"https:\/\/lmml-cameroun.com\/fr\/wp-json\/wp\/v2\/pages\/11","targetHints":{"allow":["GET"]}}],"collection":[{"href":"https:\/\/lmml-cameroun.com\/fr\/wp-json\/wp\/v2\/pages"}],"about":[{"href":"https:\/\/lmml-cameroun.com\/fr\/wp-json\/wp\/v2\/types\/page"}],"author":[{"embeddable":true,"href":"https:\/\/lmml-cameroun.com\/fr\/wp-json\/wp\/v2\/users\/1"}],"replies":[{"embeddable":true,"href":"https:\/\/lmml-cameroun.com\/fr\/wp-json\/wp\/v2\/comments?post=11"}],"version-history":[{"count":50,"href":"https:\/\/lmml-cameroun.com\/fr\/wp-json\/wp\/v2\/pages\/11\/revisions"}],"predecessor-version":[{"id":1596,"href":"https:\/\/lmml-cameroun.com\/fr\/wp-json\/wp\/v2\/pages\/11\/revisions\/1596"}],"wp:attachment":[{"href":"https:\/\/lmml-cameroun.com\/fr\/wp-json\/wp\/v2\/media?parent=11"}],"curies":[{"name":"wp","href":"https:\/\/api.w.org\/{rel}","templated":true}]}}